{"id":2584,"date":"2025-07-11T11:52:48","date_gmt":"2025-07-11T11:52:48","guid":{"rendered":"https:\/\/thesustainabilityofsandaniele.eu\/projekt\/"},"modified":"2025-11-17T13:58:37","modified_gmt":"2025-11-17T13:58:37","slug":"projekt","status":"publish","type":"page","link":"https:\/\/thesustainabilityofsandaniele.eu\/de\/projekt\/","title":{"rendered":"Projekt"},"content":{"rendered":"\n<div id=\"sezione01\" class=\"wp-block-group is-layout-flow wp-container-core-group-is-layout-f81afd67 wp-block-group-is-layout-flow\" style=\"margin-top:0;margin-bottom:0;padding-top:var(--wp--preset--spacing--30);padding-right:var(--wp--preset--spacing--70);padding-bottom:var(--wp--preset--spacing--30);padding-left:var(--wp--preset--spacing--70)\">\n<p>Umwelt, Produkt und Menschen stehen im Mittelpunkt des von der Europ\u00e4ischen Union mitfinanzierten F\u00f6rderprogramms auf den M\u00e4rkten von Italien, Frankreich und Deutschland.<br\/>Nach dem erfolgreichen Abschluss der dreij\u00e4hrigen Kampagne \u201eIn Europa trifft der Respekt f\u00fcr Tradition auf den Respekt f\u00fcr die Umwelt\u201c hat das Konsortium f\u00fcr San-Daniele-Schinken ein neues dreij\u00e4hriges Informations- und F\u00f6rderprogramm gestartet, das von der Europ\u00e4ischen Union im Rahmen der Verordnung 1144\/2014 mitfinanziert wird. Das Projekt mit einer Laufzeit von 36 Monaten und einem Gesamtwert von mehr als 3 Millionen Euro wurde dem Mail\u00e4nder Unternehmen AB Comunicazioni anvertraut, das als ausf\u00fchrende Stelle das Konsortium bei der Entwicklung und Durchf\u00fchrung der in Italien, Frankreich und Deutschland geplanten Aktivit\u00e4ten unterst\u00fctzen wird, um die Pr\u00e4senz des Produkts auf den europ\u00e4ischen M\u00e4rkten durch eine koh\u00e4rente und wertorientierte Darstellung zu st\u00e4rken. <\/p>\n\n\n\n<p>\u00dcbergeordnetes Ziel des F\u00f6rderprogramms ist es, die Wettbewerbsf\u00e4higkeit, den Wiedererkennungswert und den Verbrauch von Qualit\u00e4tserzeugnissen zu st\u00e4rken und den Prosciutto di San Daniele als g.U.-Erzeugnis aufzuwerten, das ein Symbol f\u00fcr nachhaltige europ\u00e4ische Spitzenerzeugnisse der Landwirtschaft ist. Im Mittelpunkt des Projekts steht der Wunsch, die besonderen Werte des Produkts und die Nachhaltigkeitspraktiken des Sektors hervorzuheben, die in der Lage sind, positive Auswirkungen auf die gesamte Produktionskette und das Ursprungsgebiet zu haben. In diesem Sinne ist der San-Daniele-Schinken ein konkretes Beispiel f\u00fcr angewandte Nachhaltigkeit, die einen Multiplikatoreffekt auf die Lebensmittelerzeugnisse der EU haben kann.  <\/p>\n<\/div>\n\n<div id=\"sezione02\" class=\"wp-block-group is-layout-flow wp-container-core-group-is-layout-8601fe6c wp-block-group-is-layout-flow\" style=\"margin-top:var(--wp--preset--spacing--30);margin-bottom:var(--wp--preset--spacing--30);padding-top:var(--wp--preset--spacing--30);padding-right:var(--wp--preset--spacing--70);padding-bottom:var(--wp--preset--spacing--30);padding-left:var(--wp--preset--spacing--70)\">\n<h2 class=\"wp-block-heading slash-titoli\"><strong><strong><strong>Kommunikationskampagne und Aktivit\u00e4ten<\/strong><\/strong><\/strong><\/h2>\n\n\n\n<h3 class=\"wp-block-heading has-roboto-font-family\" style=\"margin-top:var(--wp--preset--spacing--50)\">BOTSCHAFT DER KAMPAGNE<\/h3>\n\n\n\n<p>Das im Jahr 2025 gestartete Programm endet im Februar 2028 und tr\u00e4gt den Namen \u201eThe Sustainability of San Daniele PDO, a concrete path\u201c \u2013 \u201edie Nachhaltigkeit des San Daniele DOP, ein konkreter Weg\u201c und wird dazu beitragen, die Rolle des San-Daniele-Schinkens als Symbol f\u00fcr nachhaltige landwirtschaftliche Spitzenerzeugnisse in der europ\u00e4ischen Landschaft zu festigen. Diese neue Phase wird von einer integrierten Strategie geleitet, die f\u00fcr jeden einzelnen Markt artikuliert wird und in der Lage ist, die Besonderheit des Prosciutto San Daniele DOP und seine unverwechselbaren Werte hervorzuheben. <\/p>\n\n\n\n<p>Die einzigartigen Eigenschaften des Produkts kommen in der visuellen Gestaltung der Kampagne zum Ausdruck, die das Gebiet und das Produkt nebeneinander stellt und ihre unver\u00e4nderliche Verbindung hervorhebt. Die Kreativit\u00e4t verbindet ein eindrucksvolles Foto des Flusses Tagliamento, dem Symbol der Region, mit einer Aufnahme des San-Daniele-Schinkens, die von seiner Verarbeitung und seinem Geschmack erz\u00e4hlt. Die beiden Elemente verbinden sich harmonisch zu einem eindrucksvollen visuellen Inhalt.  <\/p>\n\n\n\n<p>\u201eOhne seinen Herkunftsort w\u00e4re der San-Daniele-Schinken nur Schinken\u201c ist die Kernbotschaft der Kampagne, die verdeutlicht, dass der San Daniele DOP viel mehr ist. Er ist der Ausdruck eines einzigartigen, transparenten und innovativen Produktionssystems, das auf konkreten Werten wie R\u00fcckverfolgbarkeit, Achtung der Umwelt und Aufmerksamkeit f\u00fcr die Menschen basiert. Von der R\u00fcckgewinnung von Salzabf\u00e4llen bis zum Schutz der biologischen Vielfalt, von der Weiterbildung bis zur Aufwertung der Gemeinschaft tr\u00e4gt jede Geste zu einem authentischen Modell nat\u00fcrlicher Exzellenz und europ\u00e4ischer Nachhaltigkeit bei.  <\/p>\n\n\n\n<h3 class=\"wp-block-heading has-roboto-font-family\" style=\"margin-top:var(--wp--preset--spacing--50)\">DER WEG DER NACHHALTIGKEIT<\/h3>\n\n\n\n<p>Ab 2019 hat das Konsortium des San-Daniele-Schinkens einen strukturierten Weg der Nachhaltigkeit eingeschlagen, der es ihm erm\u00f6glicht hat, transparent und kontinuierlich \u00fcber seine Auswirkungen zu berichten und seine Kontrolle in Schl\u00fcsselbereichen wie Umwelt, R\u00fcckverfolgbarkeit, Produkt, Menschen und Kommunikation zu verbessern. Im Einklang mit den europ\u00e4ischen Grunds\u00e4tzen der \u201eFarm to Fork\u201c-Strategie f\u00f6rdert das Konsortium eine konkrete und gemeinsame Vision von Nachhaltigkeit, die auf der Zusammenarbeit aller angeschlossenen Hersteller basiert. <\/p>\n\n\n\n<p>Die Ma\u00dfnahmen gliedern sich in drei Verantwortungsbereiche \u2013 Umwelt, Menschen, Produkt \u2013, die das Engagement f\u00fcr die Ziele der nachhaltigen Entwicklung (SDGs) widerspiegeln und zu messbaren Zielen und greifbaren Initiativen f\u00fchren. Im Umweltbereich greift das Konsortium mit Praktiken der Kreislaufwirtschaft, des kollektiven Energiemanagements, Schutz des Territoriums und Verwertung von Verarbeitungsabf\u00e4llen ein und f\u00f6rdert gleichzeitig Ma\u00dfnahmen zur Verringerung der Umweltauswirkungen mit besonderem Schwerpunkt auf dem Gebiet von San Daniele del Friuli und dem Fluss Tagliamento. In Bezug auf das Produkt sind die R\u00fcckverfolgbarkeit des Rohmaterials und der Verpackungen, die Lebensmittelsicherheit, die Qualit\u00e4t und die Aktualisierung der Vorschriften von zentraler Bedeutung, mit einem konkreten Engagement auch in Bezug auf die Transparenz der Produktionskette und die Zertifizierung, grundlegende Elemente, um die Zuverl\u00e4ssigkeit f\u00fcr den Verbraucher zu gew\u00e4hrleisten. Im Hinblick auf die Menschen liegen die Priorit\u00e4ten hingegen bei der Ausbildung, der wirtschaftlichen und touristischen Aufwertung des Gebiets und den Initiativen f\u00fcr den Sektor, die durch eine st\u00e4ndige Produktinformation unterst\u00fctzt werden.   <\/p>\n\n\n\n<figure class=\"wp-block-image size-full\"><img decoding=\"async\" src=\"https:\/\/thesustainabilityofsandaniele.eu\/wp-content\/uploads\/2025\/10\/O-SAN-DANIELE_DEF_tedesco-1.jpg\" alt=\"\" class=\"wp-image-1461\"\/><\/figure>\n<\/div>\n\n<div id=\"sezione03\" class=\"wp-block-group is-layout-flow wp-container-core-group-is-layout-8601fe6c wp-block-group-is-layout-flow\" style=\"margin-top:var(--wp--preset--spacing--30);margin-bottom:var(--wp--preset--spacing--30);padding-top:var(--wp--preset--spacing--30);padding-right:var(--wp--preset--spacing--70);padding-bottom:var(--wp--preset--spacing--30);padding-left:var(--wp--preset--spacing--70)\">\n<h2 class=\"wp-block-heading slash-titoli\"><strong><strong><strong><strong>Die Ma\u00dfnahmen des Programms<\/strong><\/strong><\/strong><\/strong><\/h2>\n\n\n\n<p>Das F\u00f6rderprogramm wird in den drei Ziell\u00e4ndern \u2013 Italien, Frankreich und Deutschland \u2013 durch eine umfassende integrierte Kommunikationsstrategie entwickelt, die darauf abzielt, die Bekanntheit der g.U. zu st\u00e4rken und die Verbraucher f\u00fcr Nachhaltigkeitsthemen zu sensibilisieren. Zu den Hauptma\u00dfnahmen geh\u00f6ren internationale Pressereisen nach San Daniele del Friuli, Veranstaltungen mit Verkostungen, thematische Workshops und die Teilnahme an Fachmessen. Flankiert werden diese Ma\u00dfnahmen durch PR-Initiativen, Multikanal-Werbekampagnen in traditionellen und digitalen Medien, Point-of-Sale-Aktionen, Influencer-Marketing-Projekte sowie die Produktion von Bildmaterial und Dokumentarfilmen, die die Identit\u00e4t der Marke und das konkrete Engagement der Branche wirksam vermitteln sollen. Die Strategie umfasst auch eine starke digitale Pr\u00e4senz \u00fcber die eigene Website und die sozialen Netzwerke sowie Informations- und Werbekampagnen in den Online-Kommunikationskan\u00e4len.   <\/p>\n\n\n\n<p>Das Kommunikationsziel ist ein zweifaches: Einerseits soll das Interesse eines breiteren Publikums geweckt werden, das potenziell f\u00fcr die Werte des Produkts sensibilisiert ist; andererseits soll die Loyalit\u00e4t der bereits aufmerksamen Verbraucher gefestigt werden, indem die erzielten Ergebnisse und die bew\u00e4hrten Praktiken klar kommuniziert werden.<\/p>\n\n\n\n<p><em>\u00abMit dieser neuen Kampagne <\/em> \u2013 erkl\u00e4rt <strong>Mario Emilio Cichetti<\/strong>, Generaldirektor des Konsortiums \u2013 <em>setzt das Konsortium sein Engagement f\u00fcr eine Produktion fort, die die Umwelt, den Menschen und das Produkt schont. In Kontinuit\u00e4t mit dem vorherigen Programm zielt die Kampagne darauf ab, eine koh\u00e4rente und vertiefte Darstellung zu den Themen zu f\u00f6rdern, mit dem Ziel, die Positionierung des Produkts in den Zielm\u00e4rkten zu st\u00e4rken und zur Steigerung der Wettbewerbsf\u00e4higkeit nachhaltiger europ\u00e4ischer Agrarprodukte beizutragen. <\/em> <em>Die Nachhaltigkeitsma\u00dfnahmen des Bezirks wurden im Laufe der Jahre durch einen st\u00e4ndigen Dialog mit den Stakeholdern aktualisiert\u00bb.<\/em><\/p>\n<\/div>\n\n<div id=\"sezione04\" class=\"wp-block-group is-layout-flow wp-container-core-group-is-layout-f81afd67 wp-block-group-is-layout-flow\" style=\"margin-top:0;margin-bottom:0;padding-top:var(--wp--preset--spacing--30);padding-right:var(--wp--preset--spacing--70);padding-bottom:var(--wp--preset--spacing--30);padding-left:var(--wp--preset--spacing--70)\">\n<div class=\"wp-block-columns is-layout-flex wp-container-core-columns-is-layout-28f84493 wp-block-columns-is-layout-flex\">\n<div class=\"wp-block-column is-vertically-aligned-bottom is-layout-flow wp-block-column-is-layout-flow\">\n<p class=\"has-text-align-center grasettohover has-medium-font-size\" style=\"margin-bottom:var(--wp--preset--spacing--30);font-style:normal;font-weight:400;text-transform:uppercase\"><a href=\"https:\/\/thesustainabilityofsandaniele.eu\/wp-content\/uploads\/2025\/09\/CS-nuovo-triennio-campagna-europea_DE.pdf\" target=\"_blank\" rel=\"noreferrer noopener\">Pressemitteilung<\/a><br\/><a href=\"https:\/\/thesustainabilityofsandaniele.eu\/wp-content\/uploads\/2025\/09\/CS-nuovo-triennio-campagna-europea_DE.pdf\" target=\"_blank\" rel=\"noreferrer noopener\">Die neue dreij\u00e4hrige europ\u00e4ische Kampagne f\u00fcr San Daniele g.U.-Schinken ist gestartet.<\/a><\/p>\n\n\n\n<figure class=\"wp-block-image size-full\" style=\"margin-top:0;margin-bottom:0\"><img decoding=\"async\" src=\"https:\/\/thesustainabilityofsandaniele.eu\/wp-content\/uploads\/2025\/10\/Comunicato-stampa-TEDESCO.png\" alt=\"\" class=\"wp-image-1465\"\/><\/figure>\n<\/div>\n\n\n\n<div class=\"wp-block-column is-vertically-aligned-bottom is-layout-flow wp-block-column-is-layout-flow\">\n<p class=\"has-text-align-center grasettohover has-medium-font-size\" style=\"margin-bottom:var(--wp--preset--spacing--30);font-style:normal;font-weight:400;text-transform:uppercase\"><a href=\"https:\/\/thesustainabilityofsandaniele.eu\/wp-content\/uploads\/2025\/11\/CartellaStampaSostenibilita2025LR_de.pdf\" target=\"_blank\" rel=\"noreferrer noopener\">Pressemappe<br\/>Nachhaltigkeit<\/a><\/p>\n\n\n\n<figure class=\"wp-block-image size-full\"><img decoding=\"async\" src=\"https:\/\/thesustainabilityofsandaniele.eu\/wp-content\/uploads\/2025\/11\/cartella-stampa-sostenibilita-TED.jpg\" alt=\"\" class=\"wp-image-3294\"\/><\/figure>\n<\/div>\n\n\n\n<div class=\"wp-block-column is-vertically-aligned-bottom is-layout-flow wp-block-column-is-layout-flow\">\n<p class=\"has-text-align-center grasettohover has-medium-font-size\" style=\"margin-bottom:var(--wp--preset--spacing--30);font-style:normal;font-weight:400;text-transform:uppercase\"><a href=\"https:\/\/thesustainabilityofsandaniele.eu\/wp-content\/uploads\/2025\/11\/Cartella-Stampa-CPSD-25-DE-LR.pdf\" target=\"_blank\" rel=\"noreferrer noopener\">Pressemappe<br\/>Das Konsortium des San-Daniele-Schinkens<\/a><\/p>\n\n\n\n<figure class=\"wp-block-image size-full\"><img decoding=\"async\" src=\"https:\/\/thesustainabilityofsandaniele.eu\/wp-content\/uploads\/2025\/11\/Cartella-stampa-TED.jpg\" alt=\"\" class=\"wp-image-3164\"\/><\/figure>\n<\/div>\n<\/div>\n<\/div>\n","protected":false},"excerpt":{"rendered":"<p>Umwelt, Produkt und Menschen stehen im Mittelpunkt des von der Europ\u00e4ischen Union mitfinanzierten F\u00f6rderprogramms auf den M\u00e4rkten von Italien, Frankreich und Deutschland.Nach dem erfolgreichen Abschluss der dreij\u00e4hrigen Kampagne \u201eIn Europa trifft der Respekt f\u00fcr Tradition auf den Respekt f\u00fcr die Umwelt\u201c hat das Konsortium f\u00fcr San-Daniele-Schinken ein neues dreij\u00e4hriges Informations- und F\u00f6rderprogramm gestartet, das von [&hellip;]<\/p>\n","protected":false},"author":2,"featured_media":0,"parent":0,"menu_order":0,"comment_status":"closed","ping_status":"closed","template":"","meta":{"footnotes":""},"class_list":["post-2584","page","type-page","status-publish","hentry"],"yoast_head":"<!-- This site is optimized with the Yoast SEO plugin v27.2 - https:\/\/yoast.com\/product\/yoast-seo-wordpress\/ -->\n<title>Projekt - La Sostenibilit\u00e0 di San Daniele<\/title>\n<meta name=\"description\" content=\"Die Nachhaltigkeit von San Daniele DOP, ein konkreter Weg: ein dreij\u00e4hriges Informations- und Werbeprogramm, das von der Europ\u00e4ischen Union kofinanziert wird.\" \/>\n<meta name=\"robots\" content=\"index, follow, max-snippet:-1, max-image-preview:large, max-video-preview:-1\" \/>\n<link rel=\"canonical\" href=\"https:\/\/thesustainabilityofsandaniele.eu\/de\/projekt\/\" \/>\n<meta property=\"og:locale\" content=\"de_DE\" \/>\n<meta property=\"og:type\" content=\"article\" \/>\n<meta property=\"og:title\" content=\"Die Nachhaltigkeit von San Daniele DOP, ein konkreter Weg\" \/>\n<meta property=\"og:description\" content=\"Die Nachhaltigkeit von San Daniele DOP, ein konkreter Weg: ein dreij\u00e4hriges Informations- und Werbeprogramm, das von der Europ\u00e4ischen Union kofinanziert wird.\" \/>\n<meta property=\"og:url\" content=\"https:\/\/thesustainabilityofsandaniele.eu\/de\/projekt\/\" \/>\n<meta property=\"og:site_name\" content=\"La Sostenibilit\u00e0 di San Daniele\" \/>\n<meta property=\"article:publisher\" content=\"https:\/\/www.facebook.com\/sandanieledop\/\" \/>\n<meta property=\"article:modified_time\" content=\"2025-11-17T13:58:37+00:00\" \/>\n<meta property=\"og:image\" content=\"https:\/\/thesustainabilityofsandaniele.eu\/wp-content\/uploads\/2025\/07\/Campagna-di-comunicazione-san-daniele-1024x576.png\" \/>\n<meta name=\"twitter:card\" content=\"summary_large_image\" \/>\n<meta name=\"twitter:title\" content=\"Die Nachhaltigkeit von San Daniele DOP, ein konkreter Weg\" \/>\n<meta name=\"twitter:description\" content=\"Die Nachhaltigkeit von San Daniele DOP, ein konkreter Weg: ein dreij\u00e4hriges Informations- und Werbeprogramm, das von der Europ\u00e4ischen Union kofinanziert wird.\" \/>\n<meta name=\"twitter:image\" content=\"https:\/\/thesustainabilityofsandaniele.eu\/wp-content\/uploads\/2025\/07\/Campagna-di-comunicazione-san-daniele-1024x576.png\" \/>\n<meta name=\"twitter:site\" content=\"@sandanieledop\" \/>\n<meta name=\"twitter:label1\" content=\"Gesch\u00e4tzte Lesezeit\" \/>\n\t<meta name=\"twitter:data1\" content=\"7\u00a0Minuten\" \/>\n<script type=\"application\/ld+json\" class=\"yoast-schema-graph\">{\"@context\":\"https:\/\/schema.org\",\"@graph\":[{\"@type\":\"WebPage\",\"@id\":\"https:\/\/thesustainabilityofsandaniele.eu\/de\/projekt\/\",\"url\":\"https:\/\/thesustainabilityofsandaniele.eu\/de\/projekt\/\",\"name\":\"Projekt - La Sostenibilit\u00e0 di San Daniele\",\"isPartOf\":{\"@id\":\"https:\/\/thesustainabilityofsandaniele.eu\/de\/#website\"},\"primaryImageOfPage\":{\"@id\":\"https:\/\/thesustainabilityofsandaniele.eu\/de\/projekt\/#primaryimage\"},\"image\":{\"@id\":\"https:\/\/thesustainabilityofsandaniele.eu\/de\/projekt\/#primaryimage\"},\"thumbnailUrl\":\"https:\/\/thesustainabilityofsandaniele.eu\/wp-content\/uploads\/2025\/10\/O-SAN-DANIELE_DEF_tedesco-1.jpg\",\"datePublished\":\"2025-07-11T11:52:48+00:00\",\"dateModified\":\"2025-11-17T13:58:37+00:00\",\"description\":\"Die Nachhaltigkeit von San Daniele DOP, ein konkreter Weg: ein dreij\u00e4hriges Informations- und Werbeprogramm, das von der Europ\u00e4ischen Union kofinanziert wird.\",\"breadcrumb\":{\"@id\":\"https:\/\/thesustainabilityofsandaniele.eu\/de\/projekt\/#breadcrumb\"},\"inLanguage\":\"de\",\"potentialAction\":[{\"@type\":\"ReadAction\",\"target\":[\"https:\/\/thesustainabilityofsandaniele.eu\/de\/projekt\/\"]}]},{\"@type\":\"ImageObject\",\"inLanguage\":\"de\",\"@id\":\"https:\/\/thesustainabilityofsandaniele.eu\/de\/projekt\/#primaryimage\",\"url\":\"https:\/\/thesustainabilityofsandaniele.eu\/wp-content\/uploads\/2025\/10\/O-SAN-DANIELE_DEF_tedesco-1.jpg\",\"contentUrl\":\"https:\/\/thesustainabilityofsandaniele.eu\/wp-content\/uploads\/2025\/10\/O-SAN-DANIELE_DEF_tedesco-1.jpg\"},{\"@type\":\"BreadcrumbList\",\"@id\":\"https:\/\/thesustainabilityofsandaniele.eu\/de\/projekt\/#breadcrumb\",\"itemListElement\":[{\"@type\":\"ListItem\",\"position\":1,\"name\":\"Home\",\"item\":\"https:\/\/thesustainabilityofsandaniele.eu\/de\/\"},{\"@type\":\"ListItem\",\"position\":2,\"name\":\"Projekt\"}]},{\"@type\":\"WebSite\",\"@id\":\"https:\/\/thesustainabilityofsandaniele.eu\/de\/#website\",\"url\":\"https:\/\/thesustainabilityofsandaniele.eu\/de\/\",\"name\":\"La Sostenibilit\u00e0 di San Daniele\",\"description\":\"\",\"publisher\":{\"@id\":\"https:\/\/thesustainabilityofsandaniele.eu\/de\/#organization\"},\"potentialAction\":[{\"@type\":\"SearchAction\",\"target\":{\"@type\":\"EntryPoint\",\"urlTemplate\":\"https:\/\/thesustainabilityofsandaniele.eu\/de\/?s={search_term_string}\"},\"query-input\":{\"@type\":\"PropertyValueSpecification\",\"valueRequired\":true,\"valueName\":\"search_term_string\"}}],\"inLanguage\":\"de\"},{\"@type\":\"Organization\",\"@id\":\"https:\/\/thesustainabilityofsandaniele.eu\/de\/#organization\",\"name\":\"Consorzio del Prosciutto di San Daniele\",\"url\":\"https:\/\/thesustainabilityofsandaniele.eu\/de\/\",\"logo\":{\"@type\":\"ImageObject\",\"inLanguage\":\"de\",\"@id\":\"https:\/\/thesustainabilityofsandaniele.eu\/de\/#\/schema\/logo\/image\/\",\"url\":\"https:\/\/thesustainabilityofsandaniele.eu\/wp-content\/uploads\/2025\/08\/anteprima.jpg\",\"contentUrl\":\"https:\/\/thesustainabilityofsandaniele.eu\/wp-content\/uploads\/2025\/08\/anteprima.jpg\",\"width\":1080,\"height\":750,\"caption\":\"Consorzio del Prosciutto di San Daniele\"},\"image\":{\"@id\":\"https:\/\/thesustainabilityofsandaniele.eu\/de\/#\/schema\/logo\/image\/\"},\"sameAs\":[\"https:\/\/www.facebook.com\/sandanieledop\/\",\"https:\/\/x.com\/sandanieledop\",\"https:\/\/www.instagram.com\/sandanieledop\/?hl=it\",\"https:\/\/www.youtube.com\/channel\/UCUoQfeObzgINJW4UgiLVPPA\",\"https:\/\/it.pinterest.com\/sandanieledop\/\"]}]}<\/script>\n<!-- \/ Yoast SEO plugin. -->","yoast_head_json":{"title":"Projekt - La Sostenibilit\u00e0 di San Daniele","description":"Die Nachhaltigkeit von San Daniele DOP, ein konkreter Weg: ein dreij\u00e4hriges Informations- und Werbeprogramm, das von der Europ\u00e4ischen Union kofinanziert wird.","robots":{"index":"index","follow":"follow","max-snippet":"max-snippet:-1","max-image-preview":"max-image-preview:large","max-video-preview":"max-video-preview:-1"},"canonical":"https:\/\/thesustainabilityofsandaniele.eu\/de\/projekt\/","og_locale":"de_DE","og_type":"article","og_title":"Die Nachhaltigkeit von San Daniele DOP, ein konkreter Weg","og_description":"Die Nachhaltigkeit von San Daniele DOP, ein konkreter Weg: ein dreij\u00e4hriges Informations- und Werbeprogramm, das von der Europ\u00e4ischen Union kofinanziert wird.","og_url":"https:\/\/thesustainabilityofsandaniele.eu\/de\/projekt\/","og_site_name":"La Sostenibilit\u00e0 di San Daniele","article_publisher":"https:\/\/www.facebook.com\/sandanieledop\/","article_modified_time":"2025-11-17T13:58:37+00:00","og_image":[{"url":"https:\/\/thesustainabilityofsandaniele.eu\/wp-content\/uploads\/2025\/07\/Campagna-di-comunicazione-san-daniele-1024x576.png","type":"","width":"","height":""}],"twitter_card":"summary_large_image","twitter_title":"Die Nachhaltigkeit von San Daniele DOP, ein konkreter Weg","twitter_description":"Die Nachhaltigkeit von San Daniele DOP, ein konkreter Weg: ein dreij\u00e4hriges Informations- und Werbeprogramm, das von der Europ\u00e4ischen Union kofinanziert wird.","twitter_image":"https:\/\/thesustainabilityofsandaniele.eu\/wp-content\/uploads\/2025\/07\/Campagna-di-comunicazione-san-daniele-1024x576.png","twitter_site":"@sandanieledop","twitter_misc":{"Gesch\u00e4tzte Lesezeit":"7\u00a0Minuten"},"schema":{"@context":"https:\/\/schema.org","@graph":[{"@type":"WebPage","@id":"https:\/\/thesustainabilityofsandaniele.eu\/de\/projekt\/","url":"https:\/\/thesustainabilityofsandaniele.eu\/de\/projekt\/","name":"Projekt - La Sostenibilit\u00e0 di San Daniele","isPartOf":{"@id":"https:\/\/thesustainabilityofsandaniele.eu\/de\/#website"},"primaryImageOfPage":{"@id":"https:\/\/thesustainabilityofsandaniele.eu\/de\/projekt\/#primaryimage"},"image":{"@id":"https:\/\/thesustainabilityofsandaniele.eu\/de\/projekt\/#primaryimage"},"thumbnailUrl":"https:\/\/thesustainabilityofsandaniele.eu\/wp-content\/uploads\/2025\/10\/O-SAN-DANIELE_DEF_tedesco-1.jpg","datePublished":"2025-07-11T11:52:48+00:00","dateModified":"2025-11-17T13:58:37+00:00","description":"Die Nachhaltigkeit von San Daniele DOP, ein konkreter Weg: ein dreij\u00e4hriges Informations- und Werbeprogramm, das von der Europ\u00e4ischen Union kofinanziert wird.","breadcrumb":{"@id":"https:\/\/thesustainabilityofsandaniele.eu\/de\/projekt\/#breadcrumb"},"inLanguage":"de","potentialAction":[{"@type":"ReadAction","target":["https:\/\/thesustainabilityofsandaniele.eu\/de\/projekt\/"]}]},{"@type":"ImageObject","inLanguage":"de","@id":"https:\/\/thesustainabilityofsandaniele.eu\/de\/projekt\/#primaryimage","url":"https:\/\/thesustainabilityofsandaniele.eu\/wp-content\/uploads\/2025\/10\/O-SAN-DANIELE_DEF_tedesco-1.jpg","contentUrl":"https:\/\/thesustainabilityofsandaniele.eu\/wp-content\/uploads\/2025\/10\/O-SAN-DANIELE_DEF_tedesco-1.jpg"},{"@type":"BreadcrumbList","@id":"https:\/\/thesustainabilityofsandaniele.eu\/de\/projekt\/#breadcrumb","itemListElement":[{"@type":"ListItem","position":1,"name":"Home","item":"https:\/\/thesustainabilityofsandaniele.eu\/de\/"},{"@type":"ListItem","position":2,"name":"Projekt"}]},{"@type":"WebSite","@id":"https:\/\/thesustainabilityofsandaniele.eu\/de\/#website","url":"https:\/\/thesustainabilityofsandaniele.eu\/de\/","name":"La Sostenibilit\u00e0 di San Daniele","description":"","publisher":{"@id":"https:\/\/thesustainabilityofsandaniele.eu\/de\/#organization"},"potentialAction":[{"@type":"SearchAction","target":{"@type":"EntryPoint","urlTemplate":"https:\/\/thesustainabilityofsandaniele.eu\/de\/?s={search_term_string}"},"query-input":{"@type":"PropertyValueSpecification","valueRequired":true,"valueName":"search_term_string"}}],"inLanguage":"de"},{"@type":"Organization","@id":"https:\/\/thesustainabilityofsandaniele.eu\/de\/#organization","name":"Consorzio del Prosciutto di San Daniele","url":"https:\/\/thesustainabilityofsandaniele.eu\/de\/","logo":{"@type":"ImageObject","inLanguage":"de","@id":"https:\/\/thesustainabilityofsandaniele.eu\/de\/#\/schema\/logo\/image\/","url":"https:\/\/thesustainabilityofsandaniele.eu\/wp-content\/uploads\/2025\/08\/anteprima.jpg","contentUrl":"https:\/\/thesustainabilityofsandaniele.eu\/wp-content\/uploads\/2025\/08\/anteprima.jpg","width":1080,"height":750,"caption":"Consorzio del Prosciutto di San Daniele"},"image":{"@id":"https:\/\/thesustainabilityofsandaniele.eu\/de\/#\/schema\/logo\/image\/"},"sameAs":["https:\/\/www.facebook.com\/sandanieledop\/","https:\/\/x.com\/sandanieledop","https:\/\/www.instagram.com\/sandanieledop\/?hl=it","https:\/\/www.youtube.com\/channel\/UCUoQfeObzgINJW4UgiLVPPA","https:\/\/it.pinterest.com\/sandanieledop\/"]}]}},"_links":{"self":[{"href":"https:\/\/thesustainabilityofsandaniele.eu\/de\/wp-json\/wp\/v2\/pages\/2584","targetHints":{"allow":["GET"]}}],"collection":[{"href":"https:\/\/thesustainabilityofsandaniele.eu\/de\/wp-json\/wp\/v2\/pages"}],"about":[{"href":"https:\/\/thesustainabilityofsandaniele.eu\/de\/wp-json\/wp\/v2\/types\/page"}],"author":[{"embeddable":true,"href":"https:\/\/thesustainabilityofsandaniele.eu\/de\/wp-json\/wp\/v2\/users\/2"}],"replies":[{"embeddable":true,"href":"https:\/\/thesustainabilityofsandaniele.eu\/de\/wp-json\/wp\/v2\/comments?post=2584"}],"version-history":[{"count":25,"href":"https:\/\/thesustainabilityofsandaniele.eu\/de\/wp-json\/wp\/v2\/pages\/2584\/revisions"}],"predecessor-version":[{"id":3312,"href":"https:\/\/thesustainabilityofsandaniele.eu\/de\/wp-json\/wp\/v2\/pages\/2584\/revisions\/3312"}],"wp:attachment":[{"href":"https:\/\/thesustainabilityofsandaniele.eu\/de\/wp-json\/wp\/v2\/media?parent=2584"}],"curies":[{"name":"wp","href":"https:\/\/api.w.org\/{rel}","templated":true}]}}