{"id":2639,"date":"2025-07-11T11:52:48","date_gmt":"2025-07-11T11:52:48","guid":{"rendered":"https:\/\/thesustainabilityofsandaniele.eu\/projet\/"},"modified":"2025-11-26T11:37:31","modified_gmt":"2025-11-26T11:37:31","slug":"projet","status":"publish","type":"page","link":"https:\/\/thesustainabilityofsandaniele.eu\/fr\/projet\/","title":{"rendered":"Projet"},"content":{"rendered":"\n<div id=\"sezione01\" class=\"wp-block-group is-layout-flow wp-container-core-group-is-layout-f81afd67 wp-block-group-is-layout-flow\" style=\"margin-top:0;margin-bottom:0;padding-top:var(--wp--preset--spacing--30);padding-right:var(--wp--preset--spacing--70);padding-bottom:var(--wp--preset--spacing--30);padding-left:var(--wp--preset--spacing--70)\">\n<p>L&rsquo;environnement, le produit et les personnes sont au c\u0153ur du programme promotionnel cofinanc\u00e9 par l&rsquo;Union europ\u00e9enne, ciblant les march\u00e9s italien, fran\u00e7ais et allemand. Fort du succ\u00e8s de sa pr\u00e9c\u00e9dente campagne triennale, \u00ab En Europe, le respect de la tradition rencontre celui de l&rsquo;environnement \u00bb, le Consortium du jambon San Daniele lance un nouveau programme d&rsquo;information et de promotion sur trois ans, cofinanc\u00e9 par l&rsquo;Union europ\u00e9enne au titre du r\u00e8glement 1144\/2014. Le projet \u2013 d&rsquo;une dur\u00e9e de 36 mois et d&rsquo;une valeur totale de plus de 3 millions d&rsquo;euros \u2013 a \u00e9t\u00e9 confi\u00e9 \u00e0 l&rsquo;agence milanaise AB Comunicazioni. En tant qu&rsquo;organisme d&rsquo;ex\u00e9cution, elle accompagnera le Consortium dans le d\u00e9ploiement des activit\u00e9s en Italie, en France et en Allemagne, avec pour objectif de renforcer la pr\u00e9sence du produit sur les march\u00e9s europ\u00e9ens gr\u00e2ce \u00e0 une narration coh\u00e9rente et valorisante. <\/p>\n\n\n\n<p>L&rsquo;objectif g\u00e9n\u00e9ral du programme promotionnel est de renforcer la comp\u00e9titivit\u00e9, la notori\u00e9t\u00e9 et la consommation des produits de qualit\u00e9 comme le jambon San Daniele AOP, en le valorisant comme un symbole de l&rsquo;excellence agroalimentaire europ\u00e9enne durable. Au c\u0153ur du projet se trouve la volont\u00e9 de mettre en lumi\u00e8re les valeurs distinctives du produit et les pratiques durables de la fili\u00e8re, capables de g\u00e9n\u00e9rer un impact positif sur l&rsquo;ensemble de la cha\u00eene d&rsquo;approvisionnement et sur son territoire d&rsquo;origine. En ce sens, le jambon San Daniele se pr\u00e9sente comme un mod\u00e8le de durabilit\u00e9 appliqu\u00e9e, susceptible de cr\u00e9er un effet multiplicateur pour d&rsquo;autres productions agroalimentaires de l&rsquo;Union europ\u00e9enne.  <\/p>\n<\/div>\n\n<div id=\"sezione02\" class=\"wp-block-group is-layout-flow wp-container-core-group-is-layout-8601fe6c wp-block-group-is-layout-flow\" style=\"margin-top:var(--wp--preset--spacing--30);margin-bottom:var(--wp--preset--spacing--30);padding-top:var(--wp--preset--spacing--30);padding-right:var(--wp--preset--spacing--70);padding-bottom:var(--wp--preset--spacing--30);padding-left:var(--wp--preset--spacing--70)\">\n<h2 class=\"wp-block-heading slash-titoli\"><strong><strong><strong>Campagne de communication et activit\u00e9s<\/strong><\/strong><\/strong><\/h2>\n\n\n\n<h3 class=\"wp-block-heading has-roboto-font-family\" style=\"margin-top:var(--wp--preset--spacing--50)\">MESSAGE DE LA CAMPAGNE<\/h3>\n\n\n\n<p>Le programme lanc\u00e9 en 2025 se terminera en f\u00e9vrier 2028 et s&rsquo;intitule \u00ab The Sustainability of San Daniele PDO, a concrete path \u00bb \u2013 \u00ab La durabilit\u00e9 du San Daniele AOP, un parcours concret \u00bb et contribuera \u00e0 consolider le r\u00f4le du jambon San Daniele en tant que symbole d&rsquo;excellence agroalimentaire durable dans le paysage europ\u00e9en. Cette nouvelle phase sera guid\u00e9e par une strat\u00e9gie int\u00e9gr\u00e9e, articul\u00e9e pour chaque march\u00e9, capable de valoriser la sp\u00e9cificit\u00e9 du jambon San Daniele AOP et ses valeurs distinctives. <\/p>\n\n\n\n<p>Les caract\u00e9ristiques uniques du produit s&rsquo;expriment dans le visuel de la campagne qui accompagne le territoire et le produit en soulignant son lien immuable. La cr\u00e9ativit\u00e9 relie une image photographique \u00e9vocatrice de la rivi\u00e8re Tagliamento, symbole du territoire, \u00e0 un clich\u00e9 du jambon San Daniele, qui en raconte le traitement et le go\u00fbt. Les deux \u00e9l\u00e9ments s&rsquo;unissent harmonieusement dans un contenu visuel percutant.  <\/p>\n\n\n\n<p>\u00ab Sans son territoire, le jambon San Daniele ne serait que du jambon \u00bb : tel est le message cl\u00e9 de la campagne. Il illustre parfaitement que le San Daniele AOP est bien plus qu&rsquo;un simple produit, mais le fruit d&rsquo;un lien indissociable avec ses origines. C&rsquo;est l\u2019expression d&rsquo;un syst\u00e8me de production unique, transparent et innovant, construit sur des valeurs concr\u00e8tes telles que la tra\u00e7abilit\u00e9, le respect de l\u2019environnement et l\u2019attention aux personnes. De la r\u00e9cup\u00e9ration des d\u00e9chets salins \u00e0 la protection de la biodiversit\u00e9, de la formation continue \u00e0 la valorisation de la communaut\u00e9, chaque geste fa\u00e7onne un mod\u00e8le d&rsquo;excellence authentique, alliant naturalit\u00e9 et durabilit\u00e9 \u00e0 l&rsquo;\u00e9chelle europ\u00e9enne.  <\/p>\n\n\n\n<h3 class=\"wp-block-heading has-roboto-font-family\" style=\"margin-top:var(--wp--preset--spacing--50)\">UNE D\u00c9MARCHE DE DURABILIT\u00c9<\/h3>\n\n\n\n<p>D\u00e8s 2019, le Consortium du jambon San Daniele a initi\u00e9 une d\u00e9marche structur\u00e9e de d\u00e9veloppement durable. Celle-ci lui permet de rendre compte de ses impacts de mani\u00e8re transparente et continue, gr\u00e2ce \u00e0 un suivi renforc\u00e9 dans des domaines cl\u00e9s : l&rsquo;environnement, la tra\u00e7abilit\u00e9, le produit, la valorisation des personnes et la communication. En accord avec la strat\u00e9gie europ\u00e9enne \u00ab De la ferme \u00e0 la table \u00bb (Farm to Fork), le Consortium promeut une vision de la durabilit\u00e9 \u00e0 la fois concr\u00e8te et partag\u00e9e, fond\u00e9e sur la collaboration de tous ses producteurs. <\/p>\n\n\n\n<p>Les actions s&rsquo;articulent autour de trois piliers de responsabilit\u00e9 : l&rsquo;environnement, les personnes et le produit. Chacun de ces piliers refl\u00e8te l&rsquo;engagement du Consortium envers les Objectifs de D\u00e9veloppement Durable (ODD) et se traduit par des objectifs mesurables et des initiatives concr\u00e8tes. Sur le plan environnemental, le Consortium d\u00e9ploie des pratiques d&rsquo;\u00e9conomie circulaire, de gestion collective de l&rsquo;\u00e9nergie et de valorisation des d\u00e9chets. Ces initiatives visent \u00e0 r\u00e9duire l&rsquo;impact global tout en sauvegardant activement le territoire, avec une attention particuli\u00e8re port\u00e9e \u00e0 l&rsquo;\u00e9cosyst\u00e8me de San Daniele del Friuli et de la rivi\u00e8re Tagliamento. Concernant le pilier \u00ab Produit \u00bb, la priorit\u00e9 est donn\u00e9e \u00e0 la tra\u00e7abilit\u00e9 des mati\u00e8res premi\u00e8res et des emballages, \u00e0 la s\u00e9curit\u00e9 alimentaire, \u00e0 la qualit\u00e9 et \u00e0 la mise \u00e0 jour continue du cahier des charges. \u00c0 cela s&rsquo;ajoutent un engagement fort pour la transparence de la cha\u00eene d&rsquo;approvisionnement et la certification, des \u00e9l\u00e9ments fondamentaux pour garantir la confiance du consommateur. Pour le pilier \u00ab Personnes \u00bb, les actions se concentrent sur la formation, la valorisation \u00e9conomique et touristique du territoire, ainsi que sur les initiatives d\u00e9di\u00e9es au secteur. L&rsquo;ensemble de ces d\u00e9marches est soutenu par une communication constante sur la valeur et les sp\u00e9cificit\u00e9s du produit.   <\/p>\n\n\n\n<figure class=\"wp-block-image size-full\"><img decoding=\"async\" src=\"https:\/\/thesustainabilityofsandaniele.eu\/wp-content\/uploads\/2025\/10\/O-SAN-DANIELE_DEF_francese-1.jpg\" alt=\"\" class=\"wp-image-1461\"\/><\/figure>\n<\/div>\n\n<div id=\"sezione03\" class=\"wp-block-group is-layout-flow wp-container-core-group-is-layout-8601fe6c wp-block-group-is-layout-flow\" style=\"margin-top:var(--wp--preset--spacing--30);margin-bottom:var(--wp--preset--spacing--30);padding-top:var(--wp--preset--spacing--30);padding-right:var(--wp--preset--spacing--70);padding-bottom:var(--wp--preset--spacing--30);padding-left:var(--wp--preset--spacing--70)\">\n<h2 class=\"wp-block-heading slash-titoli\"><strong><strong><strong><strong>Les activit\u00e9s du programme<\/strong><\/strong><\/strong><\/strong><\/h2>\n\n\n\n<p>Le programme promotionnel se d\u00e9ploie en Italie, en France et en Allemagne via une strat\u00e9gie de communication int\u00e9gr\u00e9e. Son objectif est double : renforcer la notori\u00e9t\u00e9 de l&rsquo;AOP et sensibiliser les consommateurs aux enjeux de la durabilit\u00e9. Les actions s&rsquo;articulent autour de plusieurs axes. L&rsquo;\u00e9v\u00e9nementiel et les relations presse constituent un pilier majeur, avec des voyages internationaux \u00e0 San Daniele del Friuli, des \u00e9v\u00e9nements de d\u00e9gustation, des ateliers th\u00e9matiques et la participation \u00e0 des salons professionnels. \u00c0 cela s&rsquo;ajoutent des initiatives de relations publiques, des campagnes publicitaires multicanaux sur les m\u00e9dias traditionnels et num\u00e9riques, des op\u00e9rations dans les points de vente, des projets de marketing d&rsquo;influence, la production de mat\u00e9riel visuel et documentaire, con\u00e7us pour raconter efficacement l\u2019identit\u00e9 de la marque et l\u2019engagement concret du secteur. La strat\u00e9gie pr\u00e9voit \u00e9galement une forte pr\u00e9sence num\u00e9rique \u00e0 travers le site Internet et les r\u00e9seaux sociaux, ainsi que des campagnes d&rsquo;information et de promotion dans les canaux de communication en ligne.   <\/p>\n\n\n\n<p>L\u2019objectif de communication est double : d&rsquo;une part, stimuler l\u2019int\u00e9r\u00eat d&rsquo;un public plus large et potentiellement sensible aux valeurs du produit ; d&rsquo;autre part, consolider la fid\u00e9lit\u00e9 des consommateurs d\u00e9j\u00e0 attentifs, en communiquant clairement les r\u00e9sultats obtenus et les pratiques vertueuses adopt\u00e9es.<\/p>\n\n\n\n<p><em>\u00ab Avec cette nouvelle campagne<\/em> \u2013 d\u00e9clare <strong>Mario Emilio Cichetti<\/strong>, directeur g\u00e9n\u00e9ral du Consortium \u2013 <em>le Consortium poursuit le r\u00e9cit de son engagement pour une production attentive \u00e0 l&rsquo;environnement, aux personnes et au produit. S&rsquo;inscrivant dans la continuit\u00e9 du programme pr\u00e9c\u00e9dent, cette campagne vise \u00e0 promouvoir un r\u00e9cit de marque coh\u00e9rent et approfondi, afin de consolider le positionnement du produit sur les march\u00e9s cibles et de contribuer \u00e0 la comp\u00e9titivit\u00e9 des produits de l&rsquo;agriculture europ\u00e9enne durable. <\/em> <em>Les actions du district en mati\u00e8re de durabilit\u00e9 sont mises \u00e0 jour en continu, gr\u00e2ce \u00e0 un dialogue constant avec l&rsquo;ensemble des parties prenantes \u00bb.<\/em><\/p>\n<\/div>\n\n<div id=\"sezione04\" class=\"wp-block-group is-layout-flow wp-container-core-group-is-layout-f81afd67 wp-block-group-is-layout-flow\" style=\"margin-top:0;margin-bottom:0;padding-top:var(--wp--preset--spacing--30);padding-right:var(--wp--preset--spacing--70);padding-bottom:var(--wp--preset--spacing--30);padding-left:var(--wp--preset--spacing--70)\">\n<div class=\"wp-block-columns is-layout-flex wp-container-core-columns-is-layout-28f84493 wp-block-columns-is-layout-flex\">\n<div class=\"wp-block-column is-vertically-aligned-bottom is-layout-flow wp-block-column-is-layout-flow\">\n<p class=\"has-text-align-center grasettohover has-medium-font-size\" style=\"margin-bottom:var(--wp--preset--spacing--30);font-style:normal;font-weight:400;text-transform:uppercase\"><a href=\"https:\/\/thesustainabilityofsandaniele.eu\/wp-content\/uploads\/2025\/09\/CS-nuovo-triennio-campagna-europea_FR.pdf\" target=\"_blank\" rel=\"noreferrer noopener\">Communiqu\u00e9 de presse<\/a><br\/><a href=\"https:\/\/thesustainabilityofsandaniele.eu\/wp-content\/uploads\/2025\/09\/CS-nuovo-triennio-campagna-europea_FR.pdf\" target=\"_blank\" rel=\"noreferrer noopener\">Lancement de la nouvelle campagne triennale pour le jambon San Daniele AOP europ\u00e9en<\/a><\/p>\n\n\n\n<figure class=\"wp-block-image size-full\" style=\"margin-top:0;margin-bottom:0\"><img decoding=\"async\" src=\"https:\/\/thesustainabilityofsandaniele.eu\/wp-content\/uploads\/2025\/10\/Comunicato-stampa-FRA.png\" alt=\"\" class=\"wp-image-1465\"\/><\/figure>\n<\/div>\n\n\n\n<div class=\"wp-block-column is-vertically-aligned-bottom is-layout-flow wp-block-column-is-layout-flow\">\n<p class=\"has-text-align-center grasettohover has-medium-font-size\" style=\"margin-bottom:var(--wp--preset--spacing--30);font-style:normal;font-weight:400;text-transform:uppercase\"><a href=\"https:\/\/thesustainabilityofsandaniele.eu\/wp-content\/uploads\/2025\/11\/Dossiers-Durabilite-du-consortium-corretto.pdf\" target=\"_blank\" rel=\"noreferrer noopener\">Dossier de presse<br\/>Durabilit\u00e9<\/a><\/p>\n\n\n\n<figure class=\"wp-block-image size-full\"><img decoding=\"async\" src=\"https:\/\/thesustainabilityofsandaniele.eu\/wp-content\/uploads\/2025\/11\/cartella-stampa-sostenibilita-FRA.jpg\" alt=\"\" class=\"wp-image-3294\"\/><\/figure>\n<\/div>\n\n\n\n<div class=\"wp-block-column is-vertically-aligned-bottom is-layout-flow wp-block-column-is-layout-flow\">\n<p class=\"has-text-align-center grasettohover has-medium-font-size\" style=\"margin-bottom:var(--wp--preset--spacing--30);font-style:normal;font-weight:400;text-transform:uppercase\"><a href=\"https:\/\/thesustainabilityofsandaniele.eu\/wp-content\/uploads\/2025\/11\/Cartella-Stampa-CPSD-25-FR-LR.pdf\" target=\"_blank\" rel=\"noreferrer noopener\">Dossier de Presse<br\/>Le Consortium du Prosciutto di San Daniele<\/a><\/p>\n\n\n\n<figure class=\"wp-block-image size-full\"><img decoding=\"async\" src=\"https:\/\/thesustainabilityofsandaniele.eu\/wp-content\/uploads\/2025\/11\/Cartella-stampa-FRA.jpg\" alt=\"\" class=\"wp-image-3164\"\/><\/figure>\n<\/div>\n<\/div>\n<\/div>\n","protected":false},"excerpt":{"rendered":"<p>L&rsquo;environnement, le produit et les personnes sont au c\u0153ur du programme promotionnel cofinanc\u00e9 par l&rsquo;Union europ\u00e9enne, ciblant les march\u00e9s italien, fran\u00e7ais et allemand. Fort du succ\u00e8s de sa pr\u00e9c\u00e9dente campagne triennale, \u00ab En Europe, le respect de la tradition rencontre celui de l&rsquo;environnement \u00bb, le Consortium du jambon San Daniele lance un nouveau programme d&rsquo;information [&hellip;]<\/p>\n","protected":false},"author":2,"featured_media":0,"parent":0,"menu_order":0,"comment_status":"closed","ping_status":"closed","template":"","meta":{"footnotes":""},"class_list":["post-2639","page","type-page","status-publish","hentry"],"yoast_head":"<!-- This site is optimized with the Yoast SEO plugin v27.2 - https:\/\/yoast.com\/product\/yoast-seo-wordpress\/ -->\n<title>Projet - La Sostenibilit\u00e0 di San Daniele<\/title>\n<meta name=\"description\" content=\"La durabilit\u00e9 de l&#039;AOP San Daniele, un parcours concret : un programme d&#039;information et de promotion de trois ans cofinanc\u00e9 par l&#039;Union europ\u00e9enne.\" \/>\n<meta name=\"robots\" content=\"index, follow, max-snippet:-1, max-image-preview:large, max-video-preview:-1\" \/>\n<link rel=\"canonical\" href=\"https:\/\/thesustainabilityofsandaniele.eu\/fr\/projet\/\" \/>\n<meta property=\"og:locale\" content=\"fr_FR\" \/>\n<meta property=\"og:type\" content=\"article\" \/>\n<meta property=\"og:title\" content=\"La durabilit\u00e9 du San Daniele DOP - un parcours concret\" \/>\n<meta property=\"og:description\" content=\"La durabilit\u00e9 de l&#039;AOP San Daniele, un parcours concret : un programme d&#039;information et de promotion de trois ans cofinanc\u00e9 par l&#039;Union europ\u00e9enne.\" \/>\n<meta property=\"og:url\" content=\"https:\/\/thesustainabilityofsandaniele.eu\/fr\/projet\/\" \/>\n<meta property=\"og:site_name\" content=\"La Sostenibilit\u00e0 di San Daniele\" \/>\n<meta property=\"article:publisher\" content=\"https:\/\/www.facebook.com\/sandanieledop\/\" \/>\n<meta property=\"article:modified_time\" content=\"2025-11-26T11:37:31+00:00\" \/>\n<meta property=\"og:image\" content=\"https:\/\/thesustainabilityofsandaniele.eu\/wp-content\/uploads\/2025\/07\/Campagna-di-comunicazione-san-daniele-1024x576.png\" \/>\n<meta name=\"twitter:card\" content=\"summary_large_image\" \/>\n<meta name=\"twitter:title\" content=\"La durabilit\u00e9 du San Daniele DOP - un parcours concret\" \/>\n<meta name=\"twitter:description\" content=\"La durabilit\u00e9 de l&#039;AOP San Daniele, un parcours concret : un programme d&#039;information et de promotion de trois ans cofinanc\u00e9 par l&#039;Union europ\u00e9enne.\" \/>\n<meta name=\"twitter:image\" content=\"https:\/\/thesustainabilityofsandaniele.eu\/wp-content\/uploads\/2025\/07\/Campagna-di-comunicazione-san-daniele-1024x576.png\" \/>\n<meta name=\"twitter:site\" content=\"@sandanieledop\" \/>\n<meta name=\"twitter:label1\" content=\"Dur\u00e9e de lecture estim\u00e9e\" \/>\n\t<meta name=\"twitter:data1\" content=\"7 minutes\" \/>\n<script type=\"application\/ld+json\" class=\"yoast-schema-graph\">{\"@context\":\"https:\/\/schema.org\",\"@graph\":[{\"@type\":\"WebPage\",\"@id\":\"https:\/\/thesustainabilityofsandaniele.eu\/fr\/projet\/\",\"url\":\"https:\/\/thesustainabilityofsandaniele.eu\/fr\/projet\/\",\"name\":\"Projet - La Sostenibilit\u00e0 di San Daniele\",\"isPartOf\":{\"@id\":\"https:\/\/thesustainabilityofsandaniele.eu\/fr\/#website\"},\"primaryImageOfPage\":{\"@id\":\"https:\/\/thesustainabilityofsandaniele.eu\/fr\/projet\/#primaryimage\"},\"image\":{\"@id\":\"https:\/\/thesustainabilityofsandaniele.eu\/fr\/projet\/#primaryimage\"},\"thumbnailUrl\":\"https:\/\/thesustainabilityofsandaniele.eu\/wp-content\/uploads\/2025\/10\/O-SAN-DANIELE_DEF_francese-1.jpg\",\"datePublished\":\"2025-07-11T11:52:48+00:00\",\"dateModified\":\"2025-11-26T11:37:31+00:00\",\"description\":\"La durabilit\u00e9 de l'AOP San Daniele, un parcours concret : un programme d'information et de promotion de trois ans cofinanc\u00e9 par l'Union europ\u00e9enne.\",\"breadcrumb\":{\"@id\":\"https:\/\/thesustainabilityofsandaniele.eu\/fr\/projet\/#breadcrumb\"},\"inLanguage\":\"fr-FR\",\"potentialAction\":[{\"@type\":\"ReadAction\",\"target\":[\"https:\/\/thesustainabilityofsandaniele.eu\/fr\/projet\/\"]}]},{\"@type\":\"ImageObject\",\"inLanguage\":\"fr-FR\",\"@id\":\"https:\/\/thesustainabilityofsandaniele.eu\/fr\/projet\/#primaryimage\",\"url\":\"https:\/\/thesustainabilityofsandaniele.eu\/wp-content\/uploads\/2025\/10\/O-SAN-DANIELE_DEF_francese-1.jpg\",\"contentUrl\":\"https:\/\/thesustainabilityofsandaniele.eu\/wp-content\/uploads\/2025\/10\/O-SAN-DANIELE_DEF_francese-1.jpg\"},{\"@type\":\"BreadcrumbList\",\"@id\":\"https:\/\/thesustainabilityofsandaniele.eu\/fr\/projet\/#breadcrumb\",\"itemListElement\":[{\"@type\":\"ListItem\",\"position\":1,\"name\":\"Home\",\"item\":\"https:\/\/thesustainabilityofsandaniele.eu\/fr\/\"},{\"@type\":\"ListItem\",\"position\":2,\"name\":\"Projet\"}]},{\"@type\":\"WebSite\",\"@id\":\"https:\/\/thesustainabilityofsandaniele.eu\/fr\/#website\",\"url\":\"https:\/\/thesustainabilityofsandaniele.eu\/fr\/\",\"name\":\"La Sostenibilit\u00e0 di San Daniele\",\"description\":\"\",\"publisher\":{\"@id\":\"https:\/\/thesustainabilityofsandaniele.eu\/fr\/#organization\"},\"potentialAction\":[{\"@type\":\"SearchAction\",\"target\":{\"@type\":\"EntryPoint\",\"urlTemplate\":\"https:\/\/thesustainabilityofsandaniele.eu\/fr\/?s={search_term_string}\"},\"query-input\":{\"@type\":\"PropertyValueSpecification\",\"valueRequired\":true,\"valueName\":\"search_term_string\"}}],\"inLanguage\":\"fr-FR\"},{\"@type\":\"Organization\",\"@id\":\"https:\/\/thesustainabilityofsandaniele.eu\/fr\/#organization\",\"name\":\"Consorzio del Prosciutto di San Daniele\",\"url\":\"https:\/\/thesustainabilityofsandaniele.eu\/fr\/\",\"logo\":{\"@type\":\"ImageObject\",\"inLanguage\":\"fr-FR\",\"@id\":\"https:\/\/thesustainabilityofsandaniele.eu\/fr\/#\/schema\/logo\/image\/\",\"url\":\"https:\/\/thesustainabilityofsandaniele.eu\/wp-content\/uploads\/2025\/08\/anteprima.jpg\",\"contentUrl\":\"https:\/\/thesustainabilityofsandaniele.eu\/wp-content\/uploads\/2025\/08\/anteprima.jpg\",\"width\":1080,\"height\":750,\"caption\":\"Consorzio del Prosciutto di San Daniele\"},\"image\":{\"@id\":\"https:\/\/thesustainabilityofsandaniele.eu\/fr\/#\/schema\/logo\/image\/\"},\"sameAs\":[\"https:\/\/www.facebook.com\/sandanieledop\/\",\"https:\/\/x.com\/sandanieledop\",\"https:\/\/www.instagram.com\/sandanieledop\/?hl=it\",\"https:\/\/www.youtube.com\/channel\/UCUoQfeObzgINJW4UgiLVPPA\",\"https:\/\/it.pinterest.com\/sandanieledop\/\"]}]}<\/script>\n<!-- \/ Yoast SEO plugin. -->","yoast_head_json":{"title":"Projet - La Sostenibilit\u00e0 di San Daniele","description":"La durabilit\u00e9 de l'AOP San Daniele, un parcours concret : un programme d'information et de promotion de trois ans cofinanc\u00e9 par l'Union europ\u00e9enne.","robots":{"index":"index","follow":"follow","max-snippet":"max-snippet:-1","max-image-preview":"max-image-preview:large","max-video-preview":"max-video-preview:-1"},"canonical":"https:\/\/thesustainabilityofsandaniele.eu\/fr\/projet\/","og_locale":"fr_FR","og_type":"article","og_title":"La durabilit\u00e9 du San Daniele DOP - un parcours concret","og_description":"La durabilit\u00e9 de l'AOP San Daniele, un parcours concret : un programme d'information et de promotion de trois ans cofinanc\u00e9 par l'Union europ\u00e9enne.","og_url":"https:\/\/thesustainabilityofsandaniele.eu\/fr\/projet\/","og_site_name":"La Sostenibilit\u00e0 di San Daniele","article_publisher":"https:\/\/www.facebook.com\/sandanieledop\/","article_modified_time":"2025-11-26T11:37:31+00:00","og_image":[{"url":"https:\/\/thesustainabilityofsandaniele.eu\/wp-content\/uploads\/2025\/07\/Campagna-di-comunicazione-san-daniele-1024x576.png","type":"","width":"","height":""}],"twitter_card":"summary_large_image","twitter_title":"La durabilit\u00e9 du San Daniele DOP - un parcours concret","twitter_description":"La durabilit\u00e9 de l'AOP San Daniele, un parcours concret : un programme d'information et de promotion de trois ans cofinanc\u00e9 par l'Union europ\u00e9enne.","twitter_image":"https:\/\/thesustainabilityofsandaniele.eu\/wp-content\/uploads\/2025\/07\/Campagna-di-comunicazione-san-daniele-1024x576.png","twitter_site":"@sandanieledop","twitter_misc":{"Dur\u00e9e de lecture estim\u00e9e":"7 minutes"},"schema":{"@context":"https:\/\/schema.org","@graph":[{"@type":"WebPage","@id":"https:\/\/thesustainabilityofsandaniele.eu\/fr\/projet\/","url":"https:\/\/thesustainabilityofsandaniele.eu\/fr\/projet\/","name":"Projet - La Sostenibilit\u00e0 di San Daniele","isPartOf":{"@id":"https:\/\/thesustainabilityofsandaniele.eu\/fr\/#website"},"primaryImageOfPage":{"@id":"https:\/\/thesustainabilityofsandaniele.eu\/fr\/projet\/#primaryimage"},"image":{"@id":"https:\/\/thesustainabilityofsandaniele.eu\/fr\/projet\/#primaryimage"},"thumbnailUrl":"https:\/\/thesustainabilityofsandaniele.eu\/wp-content\/uploads\/2025\/10\/O-SAN-DANIELE_DEF_francese-1.jpg","datePublished":"2025-07-11T11:52:48+00:00","dateModified":"2025-11-26T11:37:31+00:00","description":"La durabilit\u00e9 de l'AOP San Daniele, un parcours concret : un programme d'information et de promotion de trois ans cofinanc\u00e9 par l'Union europ\u00e9enne.","breadcrumb":{"@id":"https:\/\/thesustainabilityofsandaniele.eu\/fr\/projet\/#breadcrumb"},"inLanguage":"fr-FR","potentialAction":[{"@type":"ReadAction","target":["https:\/\/thesustainabilityofsandaniele.eu\/fr\/projet\/"]}]},{"@type":"ImageObject","inLanguage":"fr-FR","@id":"https:\/\/thesustainabilityofsandaniele.eu\/fr\/projet\/#primaryimage","url":"https:\/\/thesustainabilityofsandaniele.eu\/wp-content\/uploads\/2025\/10\/O-SAN-DANIELE_DEF_francese-1.jpg","contentUrl":"https:\/\/thesustainabilityofsandaniele.eu\/wp-content\/uploads\/2025\/10\/O-SAN-DANIELE_DEF_francese-1.jpg"},{"@type":"BreadcrumbList","@id":"https:\/\/thesustainabilityofsandaniele.eu\/fr\/projet\/#breadcrumb","itemListElement":[{"@type":"ListItem","position":1,"name":"Home","item":"https:\/\/thesustainabilityofsandaniele.eu\/fr\/"},{"@type":"ListItem","position":2,"name":"Projet"}]},{"@type":"WebSite","@id":"https:\/\/thesustainabilityofsandaniele.eu\/fr\/#website","url":"https:\/\/thesustainabilityofsandaniele.eu\/fr\/","name":"La Sostenibilit\u00e0 di San Daniele","description":"","publisher":{"@id":"https:\/\/thesustainabilityofsandaniele.eu\/fr\/#organization"},"potentialAction":[{"@type":"SearchAction","target":{"@type":"EntryPoint","urlTemplate":"https:\/\/thesustainabilityofsandaniele.eu\/fr\/?s={search_term_string}"},"query-input":{"@type":"PropertyValueSpecification","valueRequired":true,"valueName":"search_term_string"}}],"inLanguage":"fr-FR"},{"@type":"Organization","@id":"https:\/\/thesustainabilityofsandaniele.eu\/fr\/#organization","name":"Consorzio del Prosciutto di San Daniele","url":"https:\/\/thesustainabilityofsandaniele.eu\/fr\/","logo":{"@type":"ImageObject","inLanguage":"fr-FR","@id":"https:\/\/thesustainabilityofsandaniele.eu\/fr\/#\/schema\/logo\/image\/","url":"https:\/\/thesustainabilityofsandaniele.eu\/wp-content\/uploads\/2025\/08\/anteprima.jpg","contentUrl":"https:\/\/thesustainabilityofsandaniele.eu\/wp-content\/uploads\/2025\/08\/anteprima.jpg","width":1080,"height":750,"caption":"Consorzio del Prosciutto di San Daniele"},"image":{"@id":"https:\/\/thesustainabilityofsandaniele.eu\/fr\/#\/schema\/logo\/image\/"},"sameAs":["https:\/\/www.facebook.com\/sandanieledop\/","https:\/\/x.com\/sandanieledop","https:\/\/www.instagram.com\/sandanieledop\/?hl=it","https:\/\/www.youtube.com\/channel\/UCUoQfeObzgINJW4UgiLVPPA","https:\/\/it.pinterest.com\/sandanieledop\/"]}]}},"_links":{"self":[{"href":"https:\/\/thesustainabilityofsandaniele.eu\/fr\/wp-json\/wp\/v2\/pages\/2639","targetHints":{"allow":["GET"]}}],"collection":[{"href":"https:\/\/thesustainabilityofsandaniele.eu\/fr\/wp-json\/wp\/v2\/pages"}],"about":[{"href":"https:\/\/thesustainabilityofsandaniele.eu\/fr\/wp-json\/wp\/v2\/types\/page"}],"author":[{"embeddable":true,"href":"https:\/\/thesustainabilityofsandaniele.eu\/fr\/wp-json\/wp\/v2\/users\/2"}],"replies":[{"embeddable":true,"href":"https:\/\/thesustainabilityofsandaniele.eu\/fr\/wp-json\/wp\/v2\/comments?post=2639"}],"version-history":[{"count":36,"href":"https:\/\/thesustainabilityofsandaniele.eu\/fr\/wp-json\/wp\/v2\/pages\/2639\/revisions"}],"predecessor-version":[{"id":3357,"href":"https:\/\/thesustainabilityofsandaniele.eu\/fr\/wp-json\/wp\/v2\/pages\/2639\/revisions\/3357"}],"wp:attachment":[{"href":"https:\/\/thesustainabilityofsandaniele.eu\/fr\/wp-json\/wp\/v2\/media?parent=2639"}],"curies":[{"name":"wp","href":"https:\/\/api.w.org\/{rel}","templated":true}]}}